{"id":346,"date":"2016-09-30T16:06:42","date_gmt":"2016-09-30T16:06:42","guid":{"rendered":"https:\/\/devovh.bustoque.fr\/en\/faq\/"},"modified":"2022-09-15T14:48:35","modified_gmt":"2022-09-15T12:48:35","slug":"faq","status":"publish","type":"page","link":"https:\/\/devovh.bustoque.fr\/en\/faq\/","title":{"rendered":"FAQ"},"content":{"rendered":"<p><span style=\"font-size: 14pt\"><span style=\"color: #cad400\">PAYMENT IN CASH<\/span><\/span><span style=\"color: #cad400\"><br \/>\n<span style=\"color: #ffffff\">Possib<\/span><\/span><span style=\"color: #cad400\"><span style=\"color: #ffffff\">le<\/span><\/span> &#8211; contact our sales department at +33 6 21 40 20 41<\/p>\n<p><span style=\"font-size: 14pt\"><span style=\"color: #cad400\">BOOKING<\/span><\/span><\/p>\n<ul>\n<li>Book directly online on our website or by phone<br \/>\nBook directly online on our website . For more than 8 people by phone at least 48 hours before the D-day.<\/li>\n<li>Last minute reservation<br \/>\n(less than 12 hours before) it is possible that the dessert will be changed.<\/li>\n<\/ul>\n<p><span style=\"color: #cad400;font-size: 14pt\">CANCELLATION<\/span><b><br \/>\n<\/b>Possibility of modifying or cancelling your reservation at no charge up to 48 hours before the beginning of the service by telephone.<\/p>\n<p><span style=\"color: #cad400;font-size: 14pt\">LOCATION<\/span><b><br \/>\n<\/b>Impossible to choose one&#8217;s place. However, our 38 place settings are all on the window side.<\/p>\n<p><span style=\"color: #cad400;font-size: 14pt\">NUMBER OF PERSONS<\/span><b><br \/>\n<\/b>Maximum 8 people per table &#8211; for more than 8 people you will automatically be placed on several tables. In times of pandemic, the maximum per table is 6 people.<\/p>\n<p><span style=\"color: #cad400;font-size: 14pt\">PLACE OF DEPARTURE<\/span><b><br \/>\n<\/b>There are two places of departure according to the proposed formulas :<\/p>\n<ul style=\"list-style-type: disc\">\n<li>Left Bank Lunch from 12.30 pm and Paris by Night Dinner from 8.30 pm: 67, avenue des Champs Elys\u00e9es &#8211; 75008 Paris<\/li>\n<li>Aperitif Parisien and Parisian Dinner departure 6pm : Eiffel Tower &#8211; 55 Quai Branly, 75007 Paris<\/li>\n<\/ul>\n<p><span style=\"text-decoration: underline\"><strong>ATTENTION<\/strong><\/span> : Every 1st Sunday of each month for the lunch (12h30), the meeting place is located Eiffel Tower &#8211; 55 Quai Branly, 75007 Paris<\/p>\n<p><span style=\"color: #cad400;font-size: 14pt\">DEPARTURE TIME<\/span><b><br \/>\n<\/b>It is imperative to arrive 20 minutes before the departure time.<\/p>\n<p><span style=\"font-size: 14pt\"><span style=\"color: #cad400\">BABY<\/span><\/span><b><span style=\"color: #cad400\"><br \/>\n<\/span><\/b>Please let us know in advance and we will organize your visit.<\/p>\n<p><span style=\"color: #cad400;font-size: 14pt\">ANIMALS<\/span><b><br \/>\n<\/b>We apologize for the inconvenience, but animals are not allowed on the Bus.<\/p>\n<p><b><\/b><span style=\"color: #cad400;font-size: 14pt\">FOOD CONSTRAINTS<\/span><b><br \/>\n<\/b>Please let us know when you make your reservation and we will do our best to meet your needs.<\/p>\n<p><span style=\"font-size: 14pt\"><span style=\"color: #cad400\">CHILD MENU<\/span><\/span><br \/>\nThe children&#8217;s menu is for children under 12 years old.<b><\/b><\/p>\n<p><span style=\"color: #cad400\"><span style=\"font-size: 14pt\">RESTROOM<\/span><br \/>\n<\/span>The Toqu\u00e9 Bus has toilets on board.<\/p>\n<p><span style=\"color: #cad400\"><span style=\"font-size: 14pt\">DRINKS<\/span><\/span><strong><span style=\"color: #cad400\"><br \/>\n<\/span><\/strong>It is possible to order additional drinks during your meal (see our drinks map on our site).<\/p>\n<p><span style=\"color: #cad400;font-size: 14pt\">WATER CARAFE<\/span><b><br \/>\n<\/b>For hygienic reasons, we cannot serve water jugs.<\/p>\n<p><span style=\"font-size: 14pt\"><span style=\"color: #cad400\">BIRTHDAY CAKE<\/span><\/span><b><br \/>\n<\/b>On request 48h before (can not be cancelled).<\/p>\n<p><span style=\"color: #cad400;font-size: 14pt\">GIFT CARD<\/span><b><br \/>\n<\/b>Our sales department is at your disposal to offer you its different gift cards according to your desires.<\/p>\n<p><span style=\"color: #cad400;font-size: 14pt\">OUR ROUTE AND SCHEDULE<\/span><b><br \/>\n<\/b>The times of the routes indicated are for information only, they may vary according to traffic conditions: works, events&#8230;<\/p>\n<p><span style=\"font-size: 14pt\"><span style=\"color: #cad400\">STOP<\/span><\/span><b><br \/>\n<\/b>There is no stop planned, you will have all the amenities. It is possibly possible to get off at your leisure if it is on our route and depending on the possibility.<\/p>\n<p><span style=\"font-size: 14pt\"><span style=\"color: #cad400\">SMOKER<\/span><\/span><b><br \/>\n<\/b>The bus is completely non-smoking. According to the health law (article 28), the use of electronic cigarettes is strictly forbidden inside the Bus.<\/p>\n<p><span style=\"font-size: 14pt\"><span style=\"color: #cad400\">PRIVATIZATION<\/span><\/span><b><br \/>\n<\/b>From 2 110\u20ac, from 2 to 38 people, beyond that contact our sales department by phone 06.21.40.20.41 or by mail contact@bustoque.fr<\/p>\n","protected":false},"excerpt":{"rendered":"<p>PAYMENT IN CASH Possible &#8211; contact our sales department at +33 6 21 40 20 41 BOOKING Book directly online on our website or by phone Book directly online on our website . For more than 8 people by phone at least 48 hours before the D-day. Last minute reservation (less than 12 hours before) [&hellip;]<\/p>\n","protected":false},"author":1,"featured_media":0,"parent":0,"menu_order":0,"comment_status":"closed","ping_status":"closed","template":"","meta":{"_acf_changed":false,"footnotes":""},"class_list":["post-346","page","type-page","status-publish","hentry"],"acf":[],"yoast_head":"<!-- This site is optimized with the Yoast SEO plugin v26.6 - https:\/\/yoast.com\/wordpress\/plugins\/seo\/ -->\n<title>FAQ - Questions fr\u00e9quentes - restaurant Bus Toqu\u00e9<\/title>\n<meta name=\"description\" content=\"FAQ - Pour toutes autres questions, merci de nous contacter par mail: contact@bustoque.fr ou par t\u00e9l\u00e9phone: 06 21 40 20 41.\" \/>\n<meta name=\"robots\" content=\"noindex, follow, max-snippet:-1, max-image-preview:large, max-video-preview:-1\" \/>\n<meta property=\"og:locale\" content=\"en_US\" \/>\n<meta property=\"og:type\" content=\"article\" \/>\n<meta property=\"og:title\" content=\"FAQ - Questions fr\u00e9quentes - restaurant Bus Toqu\u00e9\" \/>\n<meta property=\"og:description\" content=\"FAQ - Pour toutes autres questions, merci de nous contacter par mail: contact@bustoque.fr ou par t\u00e9l\u00e9phone: 06 21 40 20 41.\" \/>\n<meta property=\"og:url\" content=\"https:\/\/devovh.bustoque.fr\/en\/faq\/\" \/>\n<meta property=\"og:site_name\" content=\"Bus Toqu\u00e9\" \/>\n<meta property=\"article:modified_time\" content=\"2022-09-15T12:48:35+00:00\" \/>\n<meta name=\"twitter:card\" content=\"summary_large_image\" \/>\n<meta name=\"twitter:label1\" content=\"Est. reading time\" \/>\n\t<meta name=\"twitter:data1\" content=\"3 minutes\" \/>\n<script type=\"application\/ld+json\" class=\"yoast-schema-graph\">{\"@context\":\"https:\/\/schema.org\",\"@graph\":[{\"@type\":\"WebPage\",\"@id\":\"https:\/\/devovh.bustoque.fr\/en\/faq\/\",\"url\":\"https:\/\/devovh.bustoque.fr\/en\/faq\/\",\"name\":\"FAQ - Questions fr\u00e9quentes - restaurant Bus Toqu\u00e9\",\"isPartOf\":{\"@id\":\"https:\/\/devovh.bustoque.fr\/#website\"},\"datePublished\":\"2016-09-30T16:06:42+00:00\",\"dateModified\":\"2022-09-15T12:48:35+00:00\",\"description\":\"FAQ - Pour toutes autres questions, merci de nous contacter par mail: contact@bustoque.fr ou par t\u00e9l\u00e9phone: 06 21 40 20 41.\",\"breadcrumb\":{\"@id\":\"https:\/\/devovh.bustoque.fr\/en\/faq\/#breadcrumb\"},\"inLanguage\":\"en-US\",\"potentialAction\":[{\"@type\":\"ReadAction\",\"target\":[\"https:\/\/devovh.bustoque.fr\/en\/faq\/\"]}]},{\"@type\":\"BreadcrumbList\",\"@id\":\"https:\/\/devovh.bustoque.fr\/en\/faq\/#breadcrumb\",\"itemListElement\":[{\"@type\":\"ListItem\",\"position\":1,\"name\":\"Accueil\",\"item\":\"https:\/\/devovh.bustoque.fr\/en\/\"},{\"@type\":\"ListItem\",\"position\":2,\"name\":\"FAQ\"}]},{\"@type\":\"WebSite\",\"@id\":\"https:\/\/devovh.bustoque.fr\/#website\",\"url\":\"https:\/\/devovh.bustoque.fr\/\",\"name\":\"Bus Toqu\u00e9\",\"description\":\"La table la mieux situ\u00e9e de Paris\",\"potentialAction\":[{\"@type\":\"SearchAction\",\"target\":{\"@type\":\"EntryPoint\",\"urlTemplate\":\"https:\/\/devovh.bustoque.fr\/?s={search_term_string}\"},\"query-input\":{\"@type\":\"PropertyValueSpecification\",\"valueRequired\":true,\"valueName\":\"search_term_string\"}}],\"inLanguage\":\"en-US\"}]}<\/script>\n<!-- \/ Yoast SEO plugin. -->","yoast_head_json":{"title":"FAQ - Questions fr\u00e9quentes - restaurant Bus Toqu\u00e9","description":"FAQ - Pour toutes autres questions, merci de nous contacter par mail: contact@bustoque.fr ou par t\u00e9l\u00e9phone: 06 21 40 20 41.","robots":{"index":"noindex","follow":"follow","max-snippet":"max-snippet:-1","max-image-preview":"max-image-preview:large","max-video-preview":"max-video-preview:-1"},"og_locale":"en_US","og_type":"article","og_title":"FAQ - Questions fr\u00e9quentes - restaurant Bus Toqu\u00e9","og_description":"FAQ - Pour toutes autres questions, merci de nous contacter par mail: contact@bustoque.fr ou par t\u00e9l\u00e9phone: 06 21 40 20 41.","og_url":"https:\/\/devovh.bustoque.fr\/en\/faq\/","og_site_name":"Bus Toqu\u00e9","article_modified_time":"2022-09-15T12:48:35+00:00","twitter_card":"summary_large_image","twitter_misc":{"Est. reading time":"3 minutes"},"schema":{"@context":"https:\/\/schema.org","@graph":[{"@type":"WebPage","@id":"https:\/\/devovh.bustoque.fr\/en\/faq\/","url":"https:\/\/devovh.bustoque.fr\/en\/faq\/","name":"FAQ - Questions fr\u00e9quentes - restaurant Bus Toqu\u00e9","isPartOf":{"@id":"https:\/\/devovh.bustoque.fr\/#website"},"datePublished":"2016-09-30T16:06:42+00:00","dateModified":"2022-09-15T12:48:35+00:00","description":"FAQ - Pour toutes autres questions, merci de nous contacter par mail: contact@bustoque.fr ou par t\u00e9l\u00e9phone: 06 21 40 20 41.","breadcrumb":{"@id":"https:\/\/devovh.bustoque.fr\/en\/faq\/#breadcrumb"},"inLanguage":"en-US","potentialAction":[{"@type":"ReadAction","target":["https:\/\/devovh.bustoque.fr\/en\/faq\/"]}]},{"@type":"BreadcrumbList","@id":"https:\/\/devovh.bustoque.fr\/en\/faq\/#breadcrumb","itemListElement":[{"@type":"ListItem","position":1,"name":"Accueil","item":"https:\/\/devovh.bustoque.fr\/en\/"},{"@type":"ListItem","position":2,"name":"FAQ"}]},{"@type":"WebSite","@id":"https:\/\/devovh.bustoque.fr\/#website","url":"https:\/\/devovh.bustoque.fr\/","name":"Bus Toqu\u00e9","description":"La table la mieux situ\u00e9e de Paris","potentialAction":[{"@type":"SearchAction","target":{"@type":"EntryPoint","urlTemplate":"https:\/\/devovh.bustoque.fr\/?s={search_term_string}"},"query-input":{"@type":"PropertyValueSpecification","valueRequired":true,"valueName":"search_term_string"}}],"inLanguage":"en-US"}]}},"_links":{"self":[{"href":"https:\/\/devovh.bustoque.fr\/en\/wp-json\/wp\/v2\/pages\/346","targetHints":{"allow":["GET"]}}],"collection":[{"href":"https:\/\/devovh.bustoque.fr\/en\/wp-json\/wp\/v2\/pages"}],"about":[{"href":"https:\/\/devovh.bustoque.fr\/en\/wp-json\/wp\/v2\/types\/page"}],"author":[{"embeddable":true,"href":"https:\/\/devovh.bustoque.fr\/en\/wp-json\/wp\/v2\/users\/1"}],"replies":[{"embeddable":true,"href":"https:\/\/devovh.bustoque.fr\/en\/wp-json\/wp\/v2\/comments?post=346"}],"version-history":[{"count":31,"href":"https:\/\/devovh.bustoque.fr\/en\/wp-json\/wp\/v2\/pages\/346\/revisions"}],"predecessor-version":[{"id":27263,"href":"https:\/\/devovh.bustoque.fr\/en\/wp-json\/wp\/v2\/pages\/346\/revisions\/27263"}],"wp:attachment":[{"href":"https:\/\/devovh.bustoque.fr\/en\/wp-json\/wp\/v2\/media?parent=346"}],"curies":[{"name":"wp","href":"https:\/\/api.w.org\/{rel}","templated":true}]}}